{"id":1826,"date":"2023-12-17T09:48:46","date_gmt":"2023-12-17T12:48:46","guid":{"rendered":"https:\/\/thenriquejoias.com.br\/import\/?page_id=1826"},"modified":"2024-06-26T11:46:54","modified_gmt":"2024-06-26T14:46:54","slug":"associados","status":"publish","type":"page","link":"https:\/\/thenriquejoias.com.br\/import\/associados\/","title":{"rendered":"Associados"},"content":{"rendered":"<div class=\"wpb-content-wrapper\"><p>[vc_section full_width=&#8221;stretch_row&#8221; content_placement=&#8221;middle&#8221; css=&#8221;.vc_custom_1706032694643{background-image: url(https:\/\/thenriquejoias.com.br\/import\/wp-content\/uploads\/2024\/01\/Fundo-Hoome.png?id=2413) !important;background-position: center !important;background-repeat: no-repeat !important;background-size: cover !important;}&#8221;][vc_row][vc_column]<div class=\"ult-spacer spacer-6a0463921640c\" data-id=\"6a0463921640c\" data-height=\"50\" data-height-mobile=\"20\" data-height-tab=\"20\" data-height-tab-portrait=\"20\" data-height-mobile-landscape=\"20\" style=\"clear:both;display:block;\"><\/div>[vc_custom_heading text=&#8221;<b>Associados da nova SUCESU SP<\/b>&#8221; font_container=&#8221;tag:h2|text_align:center|color:%23000000&#8243; use_theme_fonts=&#8221;yes&#8221;]<div class=\"ult-spacer spacer-6a04639216432\" data-id=\"6a04639216432\" data-height=\"20\" data-height-mobile=\"10\" data-height-tab=\"10\" data-height-tab-portrait=\"10\" data-height-mobile-landscape=\"10\" style=\"clear:both;display:block;\"><\/div>[vc_custom_heading text=&#8221;Os membros da nova s\u00e3o a espinha dorsal da nossa comunidade, e cada membro traz consigo<br \/>\numa narrativa \u00fanica, contribuindo para a rica tape\u00e7aria tecnol\u00f3gica que constru\u00edmos.&#8221; font_container=&#8221;tag:p|font_size:16|text_align:center|color:%23000000&#8243; use_theme_fonts=&#8221;yes&#8221; css=&#8221;.vc_custom_1707496208108{margin-top: -20px !important;}&#8221;]<div class=\"ult-spacer spacer-6a04639216449\" data-id=\"6a04639216449\" data-height=\"50\" data-height-mobile=\"20\" data-height-tab=\"20\" data-height-tab-portrait=\"20\" data-height-mobile-landscape=\"20\" style=\"clear:both;display:block;\"><\/div>[\/vc_column][\/vc_row][vc_row][vc_column][vc_row_inner][vc_column_inner width=&#8221;1\/3&#8243;]<div class=\"flip-box-wrap\" style=\"\"><div class=\"flip-box ifb-custom-height  horizontal_flip_left flip-box-custom-height flip-ifb-custom-height\"  style=\"\"  data-min-height='200px'><div class=\"ifb-flip-box\" id=\"flip-box-wrap-3951\"><div class=\"ifb-face ifb-front \" style=\"color:#ffffff;color:#000000;background:#1d6eb5; border-width: 2px;border-style: solid; border-color:#e0e0e0; border-radius: px;\">\r\n\t\t\t\t\t\t\t<div class=\"ifb-flip-box-section ifb-flip-box-section-vertical-middle\">\r\n\t\t\t\t\t\t\t<h2 class=\"ult-responsive flipbox_heading\"  data-ultimate-target='#flip-box-wrap-3951 .ult-responsive.flipbox_heading'  data-responsive-json-new='{\"font-size\":\"\",\"line-height\":\"\"}'  style=\"color:#ffffff; \">Networking Poderoso<\/h2><\/div><\/div><!-- END .front -->\r\n\t\t\t\t\t\t<div class=\"ifb-face ifb-back\" style=\"color:#ffffff;color:#000000;background:#1d6eb5; border-width: 2px;border-style: solid; border-color:#e0e0e0; border-radius: px;\">\r\n\t\t\t\t\t\t\t<div class=\"ifb-flip-box-section ifb-flip-box-section-vertical-middle\"><div class=\"ifb-flip-box-section-content ult-responsive\"  data-ultimate-target='#flip-box-wrap-3951 .ifb-flip-box-section-content.ult-responsive'  data-responsive-json-new='{\"font-size\":\"\",\"line-height\":\"\"}'  style=\"color:#333333;color:#ffffff;color:#000000;\"><p>Crie parcerias estrat\u00e9gicas, troque ideias e amplie suas oportunidades profissionais.<\/p><\/div><\/div><\/div><!-- END .back --><\/div> <!-- ifb-flip-box --><\/div> <!-- flip-box --><\/div><!-- End icon block -->[\/vc_column_inner][vc_column_inner width=&#8221;1\/3&#8243;]<div class=\"flip-box-wrap\" style=\"\"><div class=\"flip-box ifb-custom-height  horizontal_flip_left flip-box-custom-height flip-ifb-custom-height\"  style=\"\"  data-min-height='200px'><div class=\"ifb-flip-box\" id=\"flip-box-wrap-2019\"><div class=\"ifb-face ifb-front \" style=\"color:#ffffff;color:#000000;background:#1d6eb5; border-width: 2px;border-style: solid; border-color:#e0e0e0; border-radius: px;\">\r\n\t\t\t\t\t\t\t<div class=\"ifb-flip-box-section ifb-flip-box-section-vertical-middle\">\r\n\t\t\t\t\t\t\t<h2 class=\"ult-responsive flipbox_heading\"  data-ultimate-target='#flip-box-wrap-2019 .ult-responsive.flipbox_heading'  data-responsive-json-new='{\"font-size\":\"\",\"line-height\":\"\"}'  style=\"color:#ffffff; \">Aprendizado Exclusivo<\/h2><\/div><\/div><!-- END .front -->\r\n\t\t\t\t\t\t<div class=\"ifb-face ifb-back\" style=\"color:#ffffff;color:#000000;background:#1d6eb5; border-width: 2px;border-style: solid; border-color:#e0e0e0; border-radius: px;\">\r\n\t\t\t\t\t\t\t<div class=\"ifb-flip-box-section ifb-flip-box-section-vertical-middle\"><div class=\"ifb-flip-box-section-content ult-responsive\"  data-ultimate-target='#flip-box-wrap-2019 .ifb-flip-box-section-content.ult-responsive'  data-responsive-json-new='{\"font-size\":\"\",\"line-height\":\"\"}'  style=\"color:#333333;color:#ffffff;color:#000000;\"><p>Acesso a workshops, semin\u00e1rios, cursos e eventos exclusivos que os mant\u00eam atualizados com as \u00faltimas tend\u00eancias e desenvolvimentos no campo da tecnologia.<\/p><\/div><\/div><\/div><!-- END .back --><\/div> <!-- ifb-flip-box --><\/div> <!-- flip-box --><\/div><!-- End icon block -->[\/vc_column_inner][vc_column_inner width=&#8221;1\/3&#8243;]<div class=\"flip-box-wrap\" style=\"\"><div class=\"flip-box ifb-custom-height  horizontal_flip_left flip-box-custom-height flip-ifb-custom-height\"  style=\"\"  data-min-height='200px'><div class=\"ifb-flip-box\" id=\"flip-box-wrap-6561\"><div class=\"ifb-face ifb-front \" style=\"color:#ffffff;color:#000000;background:#1d6eb5; border-width: 2px;border-style: solid; border-color:#e0e0e0; border-radius: px;\">\r\n\t\t\t\t\t\t\t<div class=\"ifb-flip-box-section ifb-flip-box-section-vertical-middle\">\r\n\t\t\t\t\t\t\t<h2 class=\"ult-responsive flipbox_heading\"  data-ultimate-target='#flip-box-wrap-6561 .ult-responsive.flipbox_heading'  data-responsive-json-new='{\"font-size\":\"\",\"line-height\":\"\"}'  style=\"color:#ffffff; \">Iniciativas Inovadoras<\/h2><\/div><\/div><!-- END .front -->\r\n\t\t\t\t\t\t<div class=\"ifb-face ifb-back\" style=\"color:#ffffff;color:#000000;background:#1d6eb5; border-width: 2px;border-style: solid; border-color:#e0e0e0; border-radius: px;\">\r\n\t\t\t\t\t\t\t<div class=\"ifb-flip-box-section ifb-flip-box-section-vertical-middle\"><div class=\"ifb-flip-box-section-content ult-responsive\"  data-ultimate-target='#flip-box-wrap-6561 .ifb-flip-box-section-content.ult-responsive'  data-responsive-json-new='{\"font-size\":\"\",\"line-height\":\"\"}'  style=\"color:#333333;color:#ffffff;color:#000000;\"><p>Seja parte ativa da mudan\u00e7a! Nossos associados t\u00eam a oportunidade de se envolver em projetos inovadores, contribuindo para solu\u00e7\u00f5es pr\u00e1ticas e impactantes.<\/p><\/div><\/div><\/div><!-- END .back --><\/div> <!-- ifb-flip-box --><\/div> <!-- flip-box --><\/div><!-- End icon block -->[\/vc_column_inner][\/vc_row_inner][\/vc_column][\/vc_row][vc_row][vc_column]<div class=\"ult-spacer spacer-6a046392167ae\" data-id=\"6a046392167ae\" data-height=\"50\" data-height-mobile=\"5\" data-height-tab=\"5\" data-height-tab-portrait=\"5\" data-height-mobile-landscape=\"5\" style=\"clear:both;display:block;\"><\/div>[\/vc_column][\/vc_row][\/vc_section][vc_row content_placement=&#8221;middle&#8221;][vc_column]<div class=\"ult-spacer spacer-6a046392167c2\" data-id=\"6a046392167c2\" data-height=\"50\" data-height-mobile=\"5\" data-height-tab=\"5\" data-height-tab-portrait=\"5\" data-height-mobile-landscape=\"5\" style=\"clear:both;display:block;\"><\/div>[vc_btn title=&#8221;Seja um associado&#8221; style=&#8221;classic&#8221; shape=&#8221;square&#8221; color=&#8221;inverse&#8221; align=&#8221;center&#8221; button_block=&#8221;true&#8221; el_class=&#8221;corBotao&#8221;][\/vc_column][\/vc_row][vc_section full_width=&#8221;stretch_row&#8221; content_placement=&#8221;middle&#8221; css=&#8221;.vc_custom_1707502649039{background-image: url(https:\/\/thenriquejoias.com.br\/import\/wp-content\/uploads\/2024\/01\/Associados2.png?id=2173) !important;background-position: center !important;background-repeat: no-repeat !important;background-size: cover !important;}&#8221;][vc_row equal_height=&#8221;yes&#8221;][vc_column width=&#8221;1\/2&#8243;]<div class=\"ult-spacer spacer-6a046392167d2\" data-id=\"6a046392167d2\" data-height=\"30\" data-height-mobile=\"30\" data-height-tab=\"30\" data-height-tab-portrait=\"\" data-height-mobile-landscape=\"\" style=\"clear:both;display:block;\"><\/div><div class=\"ult-spacer spacer-6a046392167de\" data-id=\"6a046392167de\" data-height=\"30\" data-height-mobile=\"30\" data-height-tab=\"30\" data-height-tab-portrait=\"\" data-height-mobile-landscape=\"\" style=\"clear:both;display:block;\"><\/div>[vc_column_text el_class=&#8221;marginPc&#8221;]<\/p>\n<h4><b>Benef\u00edcios de ser membro<\/b><\/h4>\n<ul class=\"beneficios\">\n<li>Acesso a descontos em produtos e<br \/>\nservi\u00e7os de empresas parceiras;<\/li>\n<li>Divulga\u00e7\u00e3o e presen\u00e7a nos principais<br \/>\neventos de tecnologia do estado de S\u00e3o Paulo<\/li>\n<li>Acesso a publica\u00e7\u00f5es e estudos dedicados<\/li>\n<li>Representa\u00e7\u00e3o da associa\u00e7\u00e3o junto a \u00f3rg\u00e3os<br \/>\ngovernamentais e entidades privadas;<\/li>\n<li>Acesso a treinamentos dedicados<\/li>\n<\/ul>\n<p>[\/vc_column_text][\/vc_column][vc_column width=&#8221;1\/2&#8243; el_class=&#8221;formularioLinha&#8221; el_id=&#8221;regraPc&#8221;]<div class=\"ult-spacer spacer-6a046392167ee\" data-id=\"6a046392167ee\" data-height=\"30\" data-height-mobile=\"30\" data-height-tab=\"30\" data-height-tab-portrait=\"\" data-height-mobile-landscape=\"\" style=\"clear:both;display:block;\"><\/div><div class=\"wpforms-container wpforms-container-full form wpforms-render-modern\" id=\"wpforms-2176\"><form id=\"wpforms-form-2176\" class=\"wpforms-validate wpforms-form wpforms-ajax-form\" data-formid=\"2176\" method=\"post\" enctype=\"multipart\/form-data\" action=\"\/import\/wp-json\/wp\/v2\/pages\/1826\" data-token=\"6e2c07ee795f43285abaefaeeaf23486\"><noscript class=\"wpforms-error-noscript\">Ative o JavaScript no seu navegador para preencher este formul\u00e1rio.<\/noscript><div class=\"wpforms-hidden\" id=\"wpforms-error-noscript\">Ative o JavaScript no seu navegador para preencher este formul\u00e1rio.<\/div><div class=\"wpforms-field-container\"><div id=\"wpforms-2176-field_1-container\" class=\"wpforms-field wpforms-field-text\" data-field-id=\"1\"><label class=\"wpforms-field-label wpforms-label-hide\" for=\"wpforms-2176-field_1\" aria-hidden=\"false\">CNPJ ou CPF <span class=\"wpforms-required-label\" aria-hidden=\"true\">*<\/span><\/label><input type=\"text\" id=\"wpforms-2176-field_1\" class=\"wpforms-field-medium wpforms-field-required\" name=\"wpforms[fields][1]\" placeholder=\"CNPJ ou CPF\" aria-errormessage=\"wpforms-2176-field_1-error\" required><\/div><div id=\"wpforms-2176-field_4-container\" class=\"wpforms-field wpforms-field-text\" data-field-id=\"4\"><label class=\"wpforms-field-label wpforms-label-hide\" for=\"wpforms-2176-field_4\" aria-hidden=\"false\">Raz\u00e3o Social<\/label><input type=\"text\" id=\"wpforms-2176-field_4\" class=\"wpforms-field-medium\" name=\"wpforms[fields][4]\" placeholder=\"Raz\u00e3o Social\" aria-errormessage=\"wpforms-2176-field_4-error\" ><\/div><div id=\"wpforms-2176-field_6-container\" class=\"wpforms-field wpforms-field-number\" data-field-id=\"6\"><label class=\"wpforms-field-label wpforms-label-hide\" for=\"wpforms-2176-field_6\" aria-hidden=\"false\">N\u00famero de Funcion\u00e1rios<\/label><input type=\"number\" pattern=\"\\d*\" id=\"wpforms-2176-field_6\" class=\"wpforms-field-medium\" name=\"wpforms[fields][6]\" placeholder=\"N\u00famero de Funcion\u00e1rios\" aria-errormessage=\"wpforms-2176-field_6-error\" ><\/div><div id=\"wpforms-2176-field_7-container\" class=\"wpforms-field wpforms-field-text\" data-field-id=\"7\"><label class=\"wpforms-field-label wpforms-label-hide\" for=\"wpforms-2176-field_7\" aria-hidden=\"false\">CEP<\/label><input type=\"text\" id=\"wpforms-2176-field_7\" class=\"wpforms-field-medium\" name=\"wpforms[fields][7]\" placeholder=\"CEP\" aria-errormessage=\"wpforms-2176-field_7-error\" ><\/div><div id=\"wpforms-2176-field_8-container\" class=\"wpforms-field wpforms-field-text\" data-field-id=\"8\"><label class=\"wpforms-field-label wpforms-label-hide\" for=\"wpforms-2176-field_8\" aria-hidden=\"false\">N\u00famero e complemento<\/label><input type=\"text\" id=\"wpforms-2176-field_8\" class=\"wpforms-field-medium\" name=\"wpforms[fields][8]\" placeholder=\"N\u00famero e complemento\" aria-errormessage=\"wpforms-2176-field_8-error\" ><\/div><div id=\"wpforms-2176-field_9-container\" class=\"wpforms-field wpforms-field-text\" data-field-id=\"9\"><label class=\"wpforms-field-label wpforms-label-hide\" for=\"wpforms-2176-field_9\" aria-hidden=\"false\">Nome <span class=\"wpforms-required-label\" aria-hidden=\"true\">*<\/span><\/label><input type=\"text\" id=\"wpforms-2176-field_9\" class=\"wpforms-field-medium wpforms-field-required\" name=\"wpforms[fields][9]\" placeholder=\"Nome\" aria-errormessage=\"wpforms-2176-field_9-error\" required><\/div><div id=\"wpforms-2176-field_10-container\" class=\"wpforms-field wpforms-field-email\" data-field-id=\"10\"><label class=\"wpforms-field-label wpforms-label-hide\" for=\"wpforms-2176-field_10\" aria-hidden=\"false\">E-mail <span class=\"wpforms-required-label\" aria-hidden=\"true\">*<\/span><\/label><input type=\"email\" id=\"wpforms-2176-field_10\" class=\"wpforms-field-medium wpforms-field-required\" name=\"wpforms[fields][10]\" placeholder=\"E-mail\" spellcheck=\"false\" aria-errormessage=\"wpforms-2176-field_10-error\" required><\/div><div id=\"wpforms-2176-field_11-container\" class=\"wpforms-field wpforms-field-number\" data-field-id=\"11\"><label class=\"wpforms-field-label wpforms-label-hide\" for=\"wpforms-2176-field_11\" aria-hidden=\"false\">Telefone <span class=\"wpforms-required-label\" aria-hidden=\"true\">*<\/span><\/label><input type=\"number\" pattern=\"\\d*\" id=\"wpforms-2176-field_11\" class=\"wpforms-field-medium wpforms-field-required\" name=\"wpforms[fields][11]\" placeholder=\"Telefone\" aria-errormessage=\"wpforms-2176-field_11-error\" required><\/div><div id=\"wpforms-2176-field_12-container\" class=\"wpforms-field wpforms-field-text\" data-field-id=\"12\"><label class=\"wpforms-field-label wpforms-label-hide\" for=\"wpforms-2176-field_12\" aria-hidden=\"false\">Como conheceu a SUCESU SP?<\/label><input type=\"text\" id=\"wpforms-2176-field_12\" class=\"wpforms-field-medium\" name=\"wpforms[fields][12]\" placeholder=\"Como conheceu a SUCESU SP?\" aria-errormessage=\"wpforms-2176-field_12-error\" ><\/div><div id=\"wpforms-2176-field_14-container\" class=\"wpforms-field wpforms-field-radio wpforms-list-inline\" data-field-id=\"14\"><fieldset><legend class=\"wpforms-field-label wpforms-label-hide\" aria-hidden=\"false\">M\u00faltipla escolha<\/legend><ul id=\"wpforms-2176-field_14\"><li class=\"choice-1 depth-1\"><input type=\"radio\" id=\"wpforms-2176-field_14_1\" name=\"wpforms[fields][14]\" value=\"Pessoa F\u00edsica\" aria-errormessage=\"wpforms-2176-field_14_1-error\"  ><label class=\"wpforms-field-label-inline\" for=\"wpforms-2176-field_14_1\">Pessoa F\u00edsica<\/label><\/li><li class=\"choice-2 depth-1\"><input type=\"radio\" id=\"wpforms-2176-field_14_2\" name=\"wpforms[fields][14]\" value=\"Pessoa Jur\u00eddica\" aria-errormessage=\"wpforms-2176-field_14_2-error\"  ><label class=\"wpforms-field-label-inline\" for=\"wpforms-2176-field_14_2\">Pessoa Jur\u00eddica<\/label><\/li><\/ul><\/fieldset><\/div><\/div><!-- .wpforms-field-container --><div class=\"wpforms-submit-container\" ><input type=\"hidden\" name=\"wpforms[id]\" value=\"2176\"><input type=\"hidden\" name=\"wpforms[author]\" value=\"3\"><button type=\"submit\" name=\"wpforms[submit]\" id=\"wpforms-submit-2176\" class=\"wpforms-submit\" data-alt-text=\"Enviando\u2026\" data-submit-text=\"Confirmar\" aria-live=\"assertive\" value=\"wpforms-submit\">Confirmar<\/button><img loading=\"lazy\" decoding=\"async\" src=\"https:\/\/thenriquejoias.com.br\/import\/wp-content\/plugins\/wpforms-lite\/assets\/images\/submit-spin.svg\" class=\"wpforms-submit-spinner\" style=\"display: none;\" width=\"26\" height=\"26\" alt=\"Carregando\"><\/div><\/form><\/div>  <!-- .wpforms-container -->[\/vc_column][\/vc_row][\/vc_section][vc_section][vc_row][vc_column]<div class=\"ult-spacer spacer-6a046392172eb\" data-id=\"6a046392172eb\" data-height=\"40\" data-height-mobile=\"40\" data-height-tab=\"40\" data-height-tab-portrait=\"\" data-height-mobile-landscape=\"\" style=\"clear:both;display:block;\"><\/div>[vc_custom_heading text=&#8221;<b>Esteja por dentro das \u00faltimas not\u00edcias.<\/b>&#8221; font_container=&#8221;tag:h3|text_align:left&#8221; use_theme_fonts=&#8221;yes&#8221;]<div class=\"ult-spacer spacer-6a046392172fc\" data-id=\"6a046392172fc\" data-height=\"20\" data-height-mobile=\"20\" data-height-tab=\"20\" data-height-tab-portrait=\"\" data-height-mobile-landscape=\"\" style=\"clear:both;display:block;\"><\/div>[vc_basic_grid post_type=&#8221;post&#8221; max_items=&#8221;3&#8243; item=&#8221;basicGrid_TextFirst&#8221; grid_id=&#8221;vc_gid:1719413157435-795f9862-7e8a-4&#8243;][\/vc_column][\/vc_row][\/vc_section]<\/p>\n<\/div>","protected":false},"excerpt":{"rendered":"<p>[vc_section full_width=&#8221;stretch_row&#8221; content_placement=&#8221;middle&#8221; css=&#8221;.vc_custom_1706032694643{background-image: url(https:\/\/thenriquejoias.com.br\/import\/wp-content\/uploads\/2024\/01\/Fundo-Hoome.png?id=2413) !important;background-position: center !important;background-repeat: no-repeat !important;background-size: cover !important;}&#8221;][vc_row][vc_column][vc_custom_heading text=&#8221;Associados da nova SUCESU SP&#8221; font_container=&#8221;tag:h2|text_align:center|color:%23000000&#8243; use_theme_fonts=&#8221;yes&#8221;][vc_custom_heading text=&#8221;Os membros da nova s\u00e3o a espinha dorsal da nossa comunidade, e cada membro traz consigo uma narrativa \u00fanica, contribuindo para a rica tape\u00e7aria tecnol\u00f3gica que constru\u00edmos.&#8221; font_container=&#8221;tag:p|font_size:16|text_align:center|color:%23000000&#8243; use_theme_fonts=&#8221;yes&#8221; css=&#8221;.vc_custom_1707496208108{margin-top: -20px !important;}&#8221;][\/vc_column][\/vc_row][vc_row][vc_column][vc_row_inner][vc_column_inner width=&#8221;1\/3&#8243;][\/vc_column_inner][vc_column_inner width=&#8221;1\/3&#8243;][\/vc_column_inner][vc_column_inner width=&#8221;1\/3&#8243;][\/vc_column_inner][\/vc_row_inner][\/vc_column][\/vc_row][vc_row][vc_column][\/vc_column][\/vc_row][\/vc_section][vc_row content_placement=&#8221;middle&#8221;][vc_column][vc_btn [&hellip;]<\/p>\n","protected":false},"author":3,"featured_media":0,"parent":0,"menu_order":0,"comment_status":"closed","ping_status":"closed","template":"","meta":{"om_disable_all_campaigns":false,"_monsterinsights_skip_tracking":false,"_monsterinsights_sitenote_active":false,"_monsterinsights_sitenote_note":"","_monsterinsights_sitenote_category":0,"_uf_show_specific_survey":0,"_uf_disable_surveys":false,"footnotes":""},"class_list":["post-1826","page","type-page","status-publish","hentry"],"aioseo_notices":[],"_links":{"self":[{"href":"https:\/\/thenriquejoias.com.br\/import\/wp-json\/wp\/v2\/pages\/1826","targetHints":{"allow":["GET"]}}],"collection":[{"href":"https:\/\/thenriquejoias.com.br\/import\/wp-json\/wp\/v2\/pages"}],"about":[{"href":"https:\/\/thenriquejoias.com.br\/import\/wp-json\/wp\/v2\/types\/page"}],"author":[{"embeddable":true,"href":"https:\/\/thenriquejoias.com.br\/import\/wp-json\/wp\/v2\/users\/3"}],"replies":[{"embeddable":true,"href":"https:\/\/thenriquejoias.com.br\/import\/wp-json\/wp\/v2\/comments?post=1826"}],"version-history":[{"count":44,"href":"https:\/\/thenriquejoias.com.br\/import\/wp-json\/wp\/v2\/pages\/1826\/revisions"}],"predecessor-version":[{"id":2808,"href":"https:\/\/thenriquejoias.com.br\/import\/wp-json\/wp\/v2\/pages\/1826\/revisions\/2808"}],"wp:attachment":[{"href":"https:\/\/thenriquejoias.com.br\/import\/wp-json\/wp\/v2\/media?parent=1826"}],"curies":[{"name":"wp","href":"https:\/\/api.w.org\/{rel}","templated":true}]}}